{"id":9189,"date":"2022-05-29T00:51:14","date_gmt":"2022-05-29T00:51:14","guid":{"rendered":"https:\/\/mbrbeauty.be\/?post_type=product&#038;p=9189"},"modified":"2023-09-16T11:03:28","modified_gmt":"2023-09-16T11:03:28","slug":"quick-clean-eye-make-up-remover","status":"publish","type":"product","link":"https:\/\/mbrbeauty.be\/index.php\/product\/quick-clean-eye-make-up-remover\/","title":{"rendered":"Quick &#038; Clean Eye Make-up Remover"},"content":{"rendered":"<p>Even the most beautiful eye make-up has to be removed, but when it comes to the time-consuming removal of make-up in the evening, panda eyes are usually preprogrammed. Residual colour in the corner of the eye, smudged kohl, crumbs of mascara in the eyelashes &#8211; with the right technique and a good product, these unsightly marks are now a thing of the past. Target group for every skin Application In the evening before the cleansing. Shake the container well so that the two phases combine. Moisten a cotton wool pad with Quick &amp; Clean Eye Make-up Remover and gently press briefly on the closed eye. Then apply light pressure to the eyelid and lashes. Then remove any residue from the rest of the facial skin. Do not allow the product to get into the eye. Special feature Suitable for contact lens wearers. Free of PEG, parabens, mineral oil and perfume. Note Shake the container thoroughly to blend the two phases!<\/p>\n<h4>Suitable for<\/h4>\n<p>all skin types<\/p>\n<h4>Active ingredients<\/h4>\n<p class=\"blue\">Omega 3\/6\/9 containing vegetable oil, argan oil, shambrilla oil, coastal chamomile<\/p>\n<h4>Usage<\/h4>\n<p class=\"look-dark\">Abends vor der Reinigung. Beh\u00e4lter gut sch\u00fctteln, damit sich die beiden Phasen verbinden. Einen Wattepad mit Quick &amp; Clean Eye Make-up Remover befeuchten und sanft kurz auf das geschlossene Auge dr\u00fccken. Danach mit leichtem Druck \u00fcber das Lid und die Wimpern streichen. Anschlie\u00dfend die \u00fcbrige Gesichtshaut von R\u00fcckst\u00e4nden befreien. Das Produkt nicht ins Auge gelangen lassen.<\/p>\n","protected":false},"excerpt":{"rendered":"<p>Delivery time: approx. 2-5 working days<\/p>\n<p><strong>Gentle enzyme peeling that efficiently removes cornifications, sebum and lipid deposits. The skin appears refreshed, matt and even and is optimally prepared for every further care step.<\/strong><\/p>\n<p>&nbsp;<\/p>\n<ul>\n<li>Cleans gently and reliably<\/li>\n<li>Nourishes and soothes the sensitive skin around the eyes<\/li>\n<li>Moisturises and gives the lashes a silky appearance<\/li>\n<li>Prevents swelling and redness caused by friction<\/li>\n<li>Suitable for contact lens wearers<\/li>\n<\/ul>\n<p>Inhalt : 150ml<\/p>\n","protected":false},"featured_media":9310,"comment_status":"open","ping_status":"closed","template":"","meta":{"spay_email":"","jetpack_publicize_message":"","jetpack_is_tweetstorm":false,"jetpack_publicize_feature_enabled":true},"product_cat":[110,107,111],"product_tag":[],"_links":{"self":[{"href":"https:\/\/mbrbeauty.be\/index.php\/wp-json\/wp\/v2\/product\/9189"}],"collection":[{"href":"https:\/\/mbrbeauty.be\/index.php\/wp-json\/wp\/v2\/product"}],"about":[{"href":"https:\/\/mbrbeauty.be\/index.php\/wp-json\/wp\/v2\/types\/product"}],"replies":[{"embeddable":true,"href":"https:\/\/mbrbeauty.be\/index.php\/wp-json\/wp\/v2\/comments?post=9189"}],"version-history":[{"count":2,"href":"https:\/\/mbrbeauty.be\/index.php\/wp-json\/wp\/v2\/product\/9189\/revisions"}],"predecessor-version":[{"id":10013,"href":"https:\/\/mbrbeauty.be\/index.php\/wp-json\/wp\/v2\/product\/9189\/revisions\/10013"}],"wp:featuredmedia":[{"embeddable":true,"href":"https:\/\/mbrbeauty.be\/index.php\/wp-json\/wp\/v2\/media\/9310"}],"wp:attachment":[{"href":"https:\/\/mbrbeauty.be\/index.php\/wp-json\/wp\/v2\/media?parent=9189"}],"wp:term":[{"taxonomy":"product_cat","embeddable":true,"href":"https:\/\/mbrbeauty.be\/index.php\/wp-json\/wp\/v2\/product_cat?post=9189"},{"taxonomy":"product_tag","embeddable":true,"href":"https:\/\/mbrbeauty.be\/index.php\/wp-json\/wp\/v2\/product_tag?post=9189"}],"curies":[{"name":"wp","href":"https:\/\/api.w.org\/{rel}","templated":true}]}}