{"id":9281,"date":"2022-05-29T00:53:32","date_gmt":"2022-05-29T00:53:32","guid":{"rendered":"https:\/\/mbrbeauty.be\/?post_type=product&#038;p=9281"},"modified":"2024-01-23T13:30:10","modified_gmt":"2024-01-23T13:30:10","slug":"sensitive-hydro-gel-serum","status":"publish","type":"product","link":"https:\/\/mbrbeauty.be\/index.php\/product\/sensitive-hydro-gel-serum\/","title":{"rendered":"Sensitive Hydro Gel Serum"},"content":{"rendered":"<p>An important task of the skin is its function as a moisturizing organ and moisture storage. A well moisturized skin looks healthy, radiant and smooth. It is not easily thrown off balance and is more resistant to environmental factors and other damaging influences. Target group<\/p>\n<ul>\n<li>for dry skin<\/li>\n<\/ul>\n<p>Application After cleansing the skin, apply Sensitive Hydro Gel Serum to your face and neck area and lightly tap it into your skin. Then apply the appropriate care products. Tip An additional daily application (morning and evening) of Night &amp; Day Collagen or Collagen Extreme supports and significantly increases the care effect of Sensitive Hydro Gel Serum.<\/p>\n<p>&nbsp;<\/p>\n<h4>Suitable for<\/h4>\n<p>dry skin<\/p>\n<h4>Active ingredients<\/h4>\n<p class=\"blue\">Hyaluronic acid, inositol, D-panthenol, NMF (natural moisturising factors = Lactil\u00ae), Pentavitin\u00ae, glycerine, vitamin E<\/p>\n<h4>Usage<\/h4>\n<p class=\"look-dark\">Nach dem Reinigen Sensitive Hydro Gel Serum auf Gesicht und Hals auftragen und leicht einklopfen. Anschlie\u00dfend die entsprechenden Pflegeprodukte auftragen. Tipp Eine t\u00e4gliche, zus\u00e4tzliche Anwendung (morgens und abends) von Night &amp; Day Collagen oder Collagen Extreme unterst\u00fctzt und erh\u00f6ht signifikant die Pflegewirkung von Sensitive Hydro Gel Serum.<\/p>\n","protected":false},"excerpt":{"rendered":"<p>Delivery time: approx. 2-5 working days<\/p>\n<p><strong>Intensive hyaluronic acid-based moisturising gel, which provides sensitive and, in particular, dry, mature skin with optimum moisture.<\/strong><\/p>\n<p>&nbsp;<\/p>\n<ul>\n<li>Restores the physiological balance of the skin<\/li>\n<li>Immediately gives a relaxed skin feeling<\/li>\n<li>Provides the skin with lasting moisture<\/li>\n<li>Firms the skin and minimizes lines and wrinkles<\/li>\n<\/ul>\n","protected":false},"featured_media":9357,"comment_status":"open","ping_status":"closed","template":"","meta":{"spay_email":"","jetpack_publicize_message":"","jetpack_is_tweetstorm":false,"jetpack_publicize_feature_enabled":true},"product_cat":[110,107,113],"product_tag":[],"_links":{"self":[{"href":"https:\/\/mbrbeauty.be\/index.php\/wp-json\/wp\/v2\/product\/9281"}],"collection":[{"href":"https:\/\/mbrbeauty.be\/index.php\/wp-json\/wp\/v2\/product"}],"about":[{"href":"https:\/\/mbrbeauty.be\/index.php\/wp-json\/wp\/v2\/types\/product"}],"replies":[{"embeddable":true,"href":"https:\/\/mbrbeauty.be\/index.php\/wp-json\/wp\/v2\/comments?post=9281"}],"version-history":[{"count":1,"href":"https:\/\/mbrbeauty.be\/index.php\/wp-json\/wp\/v2\/product\/9281\/revisions"}],"predecessor-version":[{"id":9359,"href":"https:\/\/mbrbeauty.be\/index.php\/wp-json\/wp\/v2\/product\/9281\/revisions\/9359"}],"wp:featuredmedia":[{"embeddable":true,"href":"https:\/\/mbrbeauty.be\/index.php\/wp-json\/wp\/v2\/media\/9357"}],"wp:attachment":[{"href":"https:\/\/mbrbeauty.be\/index.php\/wp-json\/wp\/v2\/media?parent=9281"}],"wp:term":[{"taxonomy":"product_cat","embeddable":true,"href":"https:\/\/mbrbeauty.be\/index.php\/wp-json\/wp\/v2\/product_cat?post=9281"},{"taxonomy":"product_tag","embeddable":true,"href":"https:\/\/mbrbeauty.be\/index.php\/wp-json\/wp\/v2\/product_tag?post=9281"}],"curies":[{"name":"wp","href":"https:\/\/api.w.org\/{rel}","templated":true}]}}