{"id":9371,"date":"2022-05-29T00:54:38","date_gmt":"2022-05-29T00:54:38","guid":{"rendered":"https:\/\/mbrbeauty.be\/?post_type=product&#038;p=9371"},"modified":"2023-09-16T10:37:08","modified_gmt":"2023-09-16T10:37:08","slug":"collagen-eye-patches","status":"publish","type":"product","link":"https:\/\/mbrbeauty.be\/index.php\/product\/collagen-eye-patches\/","title":{"rendered":"Collagen Eye Patches"},"content":{"rendered":"<p>The eye area is the most sensitive area of the entire face. It also lacks sebaceous glands, elastin fibres and collagen. As a result, it is less moisturized, drier and quickly shows lines and wrinkles. In short: you can quickly tell when it is out of balance. Target group<\/p>\n<ul>\n<li>for every skin, especially for demanding skin<\/li>\n<\/ul>\n<p>Application According to care needs and wishes. After cleansing, firmly press the liquid container to the eye patches so that they absorb the liquid fully. Apply the eye patches to the lower eyelid with the smooth side down, starting from the inner corner of the eye and proceeding to the cheek bone arch, and press lightly. Allow an application time of 15\u201320 minutes, then remove the Collagen Eye Patches. Apply the appropriate skin care products afterwards.<\/p>\n<p>&nbsp;<\/p>\n<h4>Suitable for<\/h4>\n<p>all skin types, especially for demanding skin<\/p>\n<h4>Active ingredients<\/h4>\n<p class=\"blue\">Native collagen fibres, native collagen peptides, native collagen molecules, hyaluronic acid<\/p>\n<h4>Usage<\/h4>\n<p class=\"look-dark\">Nach Pflegebed\u00fcrfnis und -wunsch. Nach dem Reinigen die Fl\u00fcssigkeitskammer fest andr\u00fccken, damit die Fl\u00fcssigkeit vollst\u00e4ndig in die Augenpads eindringen kann. Die Augenpads mit der glatten Seite am unteren Lidrand vom inneren Augenwinkel zum Jochbeinbogen auflegen und leicht anpressen. Nach einer Einwirkzeit von 15-20 Minuten die Collagen Eye Patches abnehmen. Anschlie\u00dfend die entsprechenden Pflegeprodukte auftragen!<\/p>\n","protected":false},"excerpt":{"rendered":"<p>Delivery time: approx. 2-5 working days<\/p>\n<p><strong>Regenerative collagen eye masks with modern active ingredients with multiple effects for people demanding skin.<\/strong><\/p>\n<p><strong>5 x 1 Paar.<\/strong><\/p>\n<ul>\n<li>Plumps up loose skin and helps it to appear thicker<\/li>\n<li>Reduces fine lines and wrinkles around the eye area<\/li>\n<li>Activates the cell regeneration process<\/li>\n<li>Eliminates dark circles and swellings<\/li>\n<li>Helps the eye area appear more youthful<\/li>\n<\/ul>\n","protected":false},"featured_media":9430,"comment_status":"open","ping_status":"closed","template":"","meta":{"spay_email":"","jetpack_publicize_message":"","jetpack_is_tweetstorm":false,"jetpack_publicize_feature_enabled":true},"product_cat":[110,107,116],"product_tag":[],"_links":{"self":[{"href":"https:\/\/mbrbeauty.be\/index.php\/wp-json\/wp\/v2\/product\/9371"}],"collection":[{"href":"https:\/\/mbrbeauty.be\/index.php\/wp-json\/wp\/v2\/product"}],"about":[{"href":"https:\/\/mbrbeauty.be\/index.php\/wp-json\/wp\/v2\/types\/product"}],"replies":[{"embeddable":true,"href":"https:\/\/mbrbeauty.be\/index.php\/wp-json\/wp\/v2\/comments?post=9371"}],"version-history":[{"count":1,"href":"https:\/\/mbrbeauty.be\/index.php\/wp-json\/wp\/v2\/product\/9371\/revisions"}],"predecessor-version":[{"id":9433,"href":"https:\/\/mbrbeauty.be\/index.php\/wp-json\/wp\/v2\/product\/9371\/revisions\/9433"}],"wp:featuredmedia":[{"embeddable":true,"href":"https:\/\/mbrbeauty.be\/index.php\/wp-json\/wp\/v2\/media\/9430"}],"wp:attachment":[{"href":"https:\/\/mbrbeauty.be\/index.php\/wp-json\/wp\/v2\/media?parent=9371"}],"wp:term":[{"taxonomy":"product_cat","embeddable":true,"href":"https:\/\/mbrbeauty.be\/index.php\/wp-json\/wp\/v2\/product_cat?post=9371"},{"taxonomy":"product_tag","embeddable":true,"href":"https:\/\/mbrbeauty.be\/index.php\/wp-json\/wp\/v2\/product_tag?post=9371"}],"curies":[{"name":"wp","href":"https:\/\/api.w.org\/{rel}","templated":true}]}}